{"id":31,"date":"2026-02-13T23:51:46","date_gmt":"2026-02-14T02:51:46","guid":{"rendered":"https:\/\/s2.zonix.space\/?page_id=31"},"modified":"2026-02-15T14:00:05","modified_gmt":"2026-02-15T17:00:05","slug":"pagina-inicial","status":"publish","type":"page","link":"https:\/\/dgmecanicaeautoeletrica.com\/","title":{"rendered":"P\u00e1gina Inicial"},"content":{"rendered":"\n<div class=\"wp-block-cover alignfull is-light hestia-clear-top-padding\"><span aria-hidden=\"true\" class=\"wp-block-cover__background has-white-background-color has-background-dim-100 has-background-dim\"><\/span><div class=\"wp-block-cover__inner-container is-layout-flow wp-block-cover-is-layout-flow\">\n<h2 class=\"wp-block-heading has-text-align-center has-text-color\" style=\"color:#3c4858\">Servi\u00e7os<\/h2>\n\n\n\n<div style=\"height:40px\" aria-hidden=\"true\" class=\"wp-block-spacer\"><\/div>\n\n\n\n<div class=\"wp-block-columns container is-layout-flex wp-container-core-columns-is-layout-28f84493 wp-block-columns-is-layout-flex\">\n<div class=\"wp-block-column is-layout-flow wp-block-column-is-layout-flow\"><div class=\"wp-block-image\">\n<figure class=\"aligncenter size-full is-resized\"><img loading=\"lazy\" decoding=\"async\" width=\"512\" height=\"512\" src=\"https:\/\/dgmecanicaeautoeletrica.com\/wp-content\/uploads\/2026\/02\/mecanicageral-ALpP8Lq6bGS3k8br.webp\" alt=\"\" class=\"wp-image-73\" style=\"width:84px;height:auto\" srcset=\"https:\/\/dgmecanicaeautoeletrica.com\/wp-content\/uploads\/2026\/02\/mecanicageral-ALpP8Lq6bGS3k8br.webp 512w, https:\/\/dgmecanicaeautoeletrica.com\/wp-content\/uploads\/2026\/02\/mecanicageral-ALpP8Lq6bGS3k8br-300x300.webp 300w, https:\/\/dgmecanicaeautoeletrica.com\/wp-content\/uploads\/2026\/02\/mecanicageral-ALpP8Lq6bGS3k8br-150x150.webp 150w\" sizes=\"auto, (max-width: 512px) 100vw, 512px\" \/><\/figure>\n<\/div>\n\n\n<h5 class=\"wp-block-heading has-text-align-center has-text-color\" style=\"color:#3c4858;font-size:18px\">Mec\u00e2nica R\u00e1pida<\/h5>\n\n\n\n<p class=\"has-text-align-center has-black-color has-text-color\" style=\"font-size:14px\"><strong>Troca de \u00f3leo, freios, suspens\u00e3o e revis\u00f5es completas.<\/strong><\/p>\n\n\n\n<div style=\"height:25px\" aria-hidden=\"true\" class=\"wp-block-spacer\"><\/div>\n<\/div>\n\n\n\n<div class=\"wp-block-column is-layout-flow wp-block-column-is-layout-flow\"><div class=\"wp-block-image\">\n<figure class=\"aligncenter size-full is-resized\"><img loading=\"lazy\" decoding=\"async\" width=\"512\" height=\"512\" src=\"https:\/\/dgmecanicaeautoeletrica.com\/wp-content\/uploads\/2026\/02\/injecaoeletronica-mnlJ2yXLogfDwWlQ.webp\" alt=\"\" class=\"wp-image-72\" style=\"width:88px;height:auto\" srcset=\"https:\/\/dgmecanicaeautoeletrica.com\/wp-content\/uploads\/2026\/02\/injecaoeletronica-mnlJ2yXLogfDwWlQ.webp 512w, https:\/\/dgmecanicaeautoeletrica.com\/wp-content\/uploads\/2026\/02\/injecaoeletronica-mnlJ2yXLogfDwWlQ-300x300.webp 300w, https:\/\/dgmecanicaeautoeletrica.com\/wp-content\/uploads\/2026\/02\/injecaoeletronica-mnlJ2yXLogfDwWlQ-150x150.webp 150w\" sizes=\"auto, (max-width: 512px) 100vw, 512px\" \/><\/figure>\n<\/div>\n\n\n<h5 class=\"wp-block-heading has-text-align-center has-text-color\" style=\"color:#3c4858;font-size:18px\">El\u00e9trica Automotiva<\/h5>\n\n\n\n<p class=\"has-text-align-center has-black-color has-text-color\" style=\"font-size:14px\"><strong>Bateria, alternador, sistema de inje\u00e7\u00e3o e diagn\u00f3stico el\u00e9trico.<\/strong><\/p>\n\n\n\n<div style=\"height:25px\" aria-hidden=\"true\" class=\"wp-block-spacer\"><\/div>\n<\/div>\n\n\n\n<div class=\"wp-block-column is-layout-flow wp-block-column-is-layout-flow\"><div class=\"wp-block-image\">\n<figure class=\"aligncenter size-full is-resized\"><img loading=\"lazy\" decoding=\"async\" width=\"512\" height=\"512\" src=\"https:\/\/dgmecanicaeautoeletrica.com\/wp-content\/uploads\/2026\/02\/eletroica-automativa-mk3Jlxk6MGs5BOlR.webp\" alt=\"\" class=\"wp-image-71\" style=\"width:88px;height:auto\" srcset=\"https:\/\/dgmecanicaeautoeletrica.com\/wp-content\/uploads\/2026\/02\/eletroica-automativa-mk3Jlxk6MGs5BOlR.webp 512w, https:\/\/dgmecanicaeautoeletrica.com\/wp-content\/uploads\/2026\/02\/eletroica-automativa-mk3Jlxk6MGs5BOlR-300x300.webp 300w, https:\/\/dgmecanicaeautoeletrica.com\/wp-content\/uploads\/2026\/02\/eletroica-automativa-mk3Jlxk6MGs5BOlR-150x150.webp 150w\" sizes=\"auto, (max-width: 512px) 100vw, 512px\" \/><\/figure>\n<\/div>\n\n\n<h5 class=\"wp-block-heading has-text-align-center has-text-color\" style=\"color:#3c4858;font-size:18px\">Socorro 24h<\/h5>\n\n\n\n<p class=\"has-text-align-center has-black-color has-text-color\" style=\"font-size:14px\"><strong>Solu\u00e7\u00f5es el\u00e9tricas e mec\u00e2nicas para seu ve\u00edculo.<\/strong><\/p>\n\n\n\n<div style=\"height:25px\" aria-hidden=\"true\" class=\"wp-block-spacer\"><\/div>\n<\/div>\n<\/div>\n\n\n\n<div style=\"height:40px\" aria-hidden=\"true\" class=\"wp-block-spacer\"><\/div>\n<\/div><\/div>\n\n\n\n<div class=\"wp-block-columns container is-layout-flex wp-container-core-columns-is-layout-28f84493 wp-block-columns-is-layout-flex\">\n<div class=\"wp-block-column col-md-5 is-layout-flow wp-block-column-is-layout-flow\">\n<div style=\"height:55px\" aria-hidden=\"true\" class=\"wp-block-spacer\"><\/div>\n\n\n\n<h2 class=\"wp-block-heading has-text-align-center\">Mec\u00e2nica e Auto El\u00e9trica<\/h2>\n\n\n\n<p class=\"has-text-align-center\"><em>Oferecemos servi\u00e7os de mec\u00e2nica e autoel\u00e9trica com suporte 24 horas em S\u00e3o Paulo.<\/em><\/p>\n\n\n\n<p class=\"has-text-align-center\"><strong>Socorro 24 Horas<\/strong><br>Atendimento emergencial para ve\u00edculos em qualquer lugar da cidade de S\u00e3o Paulo.<br><br><strong>Mec\u00e2nica Geral<\/strong><br>Manuten\u00e7\u00e3o e reparo de ve\u00edculos com qualidade e agilidade garantidas.<br><br><strong>Auto el\u00e9trica<br><\/strong>Servi\u00e7os el\u00e9tricos para ve\u00edculos, incluindo diagn\u00f3sticos e reparos especializados.<br><\/p>\n<\/div>\n\n\n\n<div class=\"wp-block-column col-md-6 col-md-offset1 is-layout-flow wp-block-column-is-layout-flow\">\n<div style=\"height:55px\" aria-hidden=\"true\" class=\"wp-block-spacer\"><\/div>\n\n\n\n<figure class=\"wp-block-image size-large is-style-rounded\"><img loading=\"lazy\" decoding=\"async\" width=\"1024\" height=\"576\" src=\"https:\/\/dgmecanicaeautoeletrica.com\/wp-content\/uploads\/2026\/02\/quem-somos-2018-3v2-1024x576.png\" alt=\"\" class=\"wp-image-78\" srcset=\"https:\/\/dgmecanicaeautoeletrica.com\/wp-content\/uploads\/2026\/02\/quem-somos-2018-3v2-1024x576.png 1024w, https:\/\/dgmecanicaeautoeletrica.com\/wp-content\/uploads\/2026\/02\/quem-somos-2018-3v2-300x169.png 300w, https:\/\/dgmecanicaeautoeletrica.com\/wp-content\/uploads\/2026\/02\/quem-somos-2018-3v2-768x432.png 768w, https:\/\/dgmecanicaeautoeletrica.com\/wp-content\/uploads\/2026\/02\/quem-somos-2018-3v2.png 1032w\" sizes=\"auto, (max-width: 1024px) 100vw, 1024px\" \/><\/figure>\n\n\n<div class=\"wp-block-image\">\n<figure class=\"aligncenter size-full is-resized\"><img loading=\"lazy\" decoding=\"async\" width=\"512\" height=\"512\" src=\"https:\/\/dgmecanicaeautoeletrica.com\/wp-content\/uploads\/2026\/02\/cropped-logopng-mnlJ2E6gEZf3yZ7X-1.webp\" alt=\"\" class=\"wp-image-7\" style=\"width:254px;height:auto\" srcset=\"https:\/\/dgmecanicaeautoeletrica.com\/wp-content\/uploads\/2026\/02\/cropped-logopng-mnlJ2E6gEZf3yZ7X-1.webp 512w, https:\/\/dgmecanicaeautoeletrica.com\/wp-content\/uploads\/2026\/02\/cropped-logopng-mnlJ2E6gEZf3yZ7X-1-300x300.webp 300w, https:\/\/dgmecanicaeautoeletrica.com\/wp-content\/uploads\/2026\/02\/cropped-logopng-mnlJ2E6gEZf3yZ7X-1-150x150.webp 150w, https:\/\/dgmecanicaeautoeletrica.com\/wp-content\/uploads\/2026\/02\/cropped-logopng-mnlJ2E6gEZf3yZ7X-1-270x270.webp 270w, https:\/\/dgmecanicaeautoeletrica.com\/wp-content\/uploads\/2026\/02\/cropped-logopng-mnlJ2E6gEZf3yZ7X-1-192x192.webp 192w, https:\/\/dgmecanicaeautoeletrica.com\/wp-content\/uploads\/2026\/02\/cropped-logopng-mnlJ2E6gEZf3yZ7X-1-180x180.webp 180w, https:\/\/dgmecanicaeautoeletrica.com\/wp-content\/uploads\/2026\/02\/cropped-logopng-mnlJ2E6gEZf3yZ7X-1-32x32.webp 32w\" sizes=\"auto, (max-width: 512px) 100vw, 512px\" \/><\/figure>\n<\/div><\/div>\n<\/div>\n","protected":false},"excerpt":{"rendered":"<p>Mec\u00e2nica e Auto El\u00e9trica Oferecemos servi\u00e7os de mec\u00e2nica e autoel\u00e9trica com suporte 24 horas em S\u00e3o Paulo. Socorro 24 HorasAtendimento emergencial para ve\u00edculos em qualquer lugar da cidade de S\u00e3o Paulo. Mec\u00e2nica GeralManuten\u00e7\u00e3o e reparo de ve\u00edculos com qualidade e agilidade garantidas. Auto el\u00e9tricaServi\u00e7os el\u00e9tricos para ve\u00edculos, incluindo diagn\u00f3sticos e [&hellip;]<\/p>\n","protected":false},"author":1,"featured_media":94,"parent":0,"menu_order":0,"comment_status":"closed","ping_status":"closed","template":"","meta":{"iawp_total_views":138,"footnotes":""},"class_list":["post-31","page","type-page","status-publish","has-post-thumbnail","hentry"],"_links":{"self":[{"href":"https:\/\/dgmecanicaeautoeletrica.com\/index.php\/wp-json\/wp\/v2\/pages\/31","targetHints":{"allow":["GET"]}}],"collection":[{"href":"https:\/\/dgmecanicaeautoeletrica.com\/index.php\/wp-json\/wp\/v2\/pages"}],"about":[{"href":"https:\/\/dgmecanicaeautoeletrica.com\/index.php\/wp-json\/wp\/v2\/types\/page"}],"author":[{"embeddable":true,"href":"https:\/\/dgmecanicaeautoeletrica.com\/index.php\/wp-json\/wp\/v2\/users\/1"}],"replies":[{"embeddable":true,"href":"https:\/\/dgmecanicaeautoeletrica.com\/index.php\/wp-json\/wp\/v2\/comments?post=31"}],"version-history":[{"count":13,"href":"https:\/\/dgmecanicaeautoeletrica.com\/index.php\/wp-json\/wp\/v2\/pages\/31\/revisions"}],"predecessor-version":[{"id":89,"href":"https:\/\/dgmecanicaeautoeletrica.com\/index.php\/wp-json\/wp\/v2\/pages\/31\/revisions\/89"}],"wp:featuredmedia":[{"embeddable":true,"href":"https:\/\/dgmecanicaeautoeletrica.com\/index.php\/wp-json\/wp\/v2\/media\/94"}],"wp:attachment":[{"href":"https:\/\/dgmecanicaeautoeletrica.com\/index.php\/wp-json\/wp\/v2\/media?parent=31"}],"curies":[{"name":"wp","href":"https:\/\/api.w.org\/{rel}","templated":true}]}}